{"id":988,"date":"2021-04-23T19:34:08","date_gmt":"2021-04-23T19:34:08","guid":{"rendered":"https:\/\/plasticattackfrance.org\/?page_id=988"},"modified":"2021-04-27T19:23:39","modified_gmt":"2021-04-27T19:23:39","slug":"action-inviduelle","status":"publish","type":"page","link":"https:\/\/plasticattackfrance.org\/?page_id=988","title":{"rendered":"Action individuelle"},"content":{"rendered":"\n<p class=\"has-text-align-center\"><strong>\u00ab&nbsp;Sois le changement que tu veux voir dans le monde \u00bb Gandhi<\/strong><\/p>\n\n\n\n<p>Nous sommes la solution anti plastique. N&rsquo;attendons pas de nouvelles technologies ou politiques qui seront sources de d\u00e9ception. Agissons ! Voici quelques pistes pour agir \u00e0 son \u00e9chelle. <\/p>\n\n\n\n<ul class=\"wp-block-list\"><li>Tendre vers un mode de vie \u00ab&nbsp;z\u00e9ro d\u00e9chet&nbsp;\u00bb avec la r\u00e8gle des 5 R&nbsp;:<\/li><\/ul>\n\n\n\n<figure class=\"wp-block-image size-large is-resized\"><img fetchpriority=\"high\" decoding=\"async\" src=\"https:\/\/plasticattackfrance.org\/wp-content\/uploads\/2021\/04\/5-R-colore-1-1024x703-1.png\" alt=\"\" class=\"wp-image-1041\" width=\"533\" height=\"365\" srcset=\"https:\/\/plasticattackfrance.org\/wp-content\/uploads\/2021\/04\/5-R-colore-1-1024x703-1.png 1024w, https:\/\/plasticattackfrance.org\/wp-content\/uploads\/2021\/04\/5-R-colore-1-1024x703-1-300x206.png 300w, https:\/\/plasticattackfrance.org\/wp-content\/uploads\/2021\/04\/5-R-colore-1-1024x703-1-768x527.png 768w, https:\/\/plasticattackfrance.org\/wp-content\/uploads\/2021\/04\/5-R-colore-1-1024x703-1-600x412.png 600w\" sizes=\"(max-width: 533px) 100vw, 533px\" \/><\/figure>\n\n\n\n<p>Cr\u00e9dit image&nbsp;: sakaide.fr<\/p>\n\n\n\n<ol class=\"wp-block-list\" type=\"1\"><li><strong>REFUSER<\/strong>&nbsp;ce dont nous n\u2019avons pas besoin : refuser le jetable, les \u00e9chantillons gratuits, les cadeaux marketing ou inutiles.<\/li><li><strong>R\u00c9DUIRE<\/strong>&nbsp;ce dont nous avons besoin : se contenter du n\u00e9cessaire.<\/li><li><strong>R\u00c9UTILISER<\/strong>&nbsp;: acheter d\u2019occasion, louer, emprunter \u2026<\/li><li><strong>RENDRE A LA TERRE<\/strong>&nbsp;: c\u2019est-\u00e0-dire composter.<\/li><li><strong>RECYCLER&nbsp;<\/strong>en dernier recours, sachant que contrairement au verre, le plastique n\u2019est pas recyclable \u00e0 l\u2019infini.<\/li><\/ol>\n\n\n\n<p>Si r\u00e9duire nos d\u00e9chets est une premi\u00e8re solution \u00e9vidente, encore faut- il avoir quelques pistes.<\/p>\n\n\n\n<p>En voici quelques-unes&nbsp;:<\/p>\n\n\n\n<p>\u2013 Privil\u00e9gier les <strong>circuits courts <\/strong>en achetant local, en vrac, consign\u00e9, pour \u00e9viter les emballages.<\/p>\n\n\n\n<p>\u2013 Fabriquer ses <strong>produits d\u2019hygi\u00e8ne <\/strong>et m\u00e9nagers respectueux de l\u2019environnement et de la sant\u00e9 ; en plus, c&rsquo;est \u00e9conomique.<\/p>\n\n\n\n<p>\u2013 <strong>Choisir le verre <\/strong>pour stocker ses aliments. On trouve des contenants \u00e0 moindre prix. Mieux encore, penser \u00e0 la seconde main ou la recup\u2019.<\/p>\n\n\n\n<p>\u2013 Emporter son <strong>d\u00e9jeuner dans une bo\u00eete r\u00e9utilisable <\/strong>en verre ou en inox, et des \u00ab\u00a0<em>Bee wraps<\/em>\u00ab\u00a0, des tissus enduits de cire d\u2019abeille, pour la collation.<\/p>\n\n\n\n<p>\u2013 Pr\u00e9voir quelques <strong>indispensables pour les sorties <\/strong>: la gourde, un petit sac \u00e0 vrac, un sac r\u00e9utilisable pour les achats, un couteau suisse ou des couverts r\u00e9utilisables. En bonus, pour les <em>addicts<\/em>, une paille r\u00e9utilisable et\/ou une tasse de caf\u00e9 r\u00e9utilisable.<\/p>\n\n\n\n<p>Par ailleurs, nul besoin d\u2019investir dans une panoplie co\u00fbteuse pour passer au z\u00e9ro-d\u00e9chet, il est possible de passer par la case r\u00e9cup\u2019, avec un soup\u00e7on de bon sens.<\/p>\n\n\n\n<p>\u2013 Fabriquer des <strong><em>tawashi <\/em><\/strong>(\u00e9ponges tress\u00e9es) avec nos vieux collants ou nos chaussettes orphelines.<\/p>\n\n\n\n<p>\u2013 Dire adieu aux contenants en plastique et contenus douteux dans la salle de bains en misant sur <strong>les solides <\/strong>: savons, shampooings, dentifrices, d\u00e9odorants, tous tr\u00e8s faciles \u00e0 faire soi-m\u00eame.<\/p>\n\n\n\n<p>\u2013 En guise de <strong>cr\u00e8me<\/strong>, choisissez une huile v\u00e9g\u00e9tale adapt\u00e9e \u00e0 votre peau.<\/p>\n\n\n\n<p>\u2013 Envie d&rsquo;un <strong>gommage <\/strong>? Rendez-vous \u00e0 la cuisine. Pour le visage : miel + sucre de canne ou miel + cannelle font des merveilles. Pour le corps : le marc de caf\u00e9, qui entretient en prime vos canalisations !<\/p>\n\n\n\n<p>\u2013 Le <strong>savon de Marseille <\/strong>peut servir comme base de lessive (+ bicarbonate de sodium) ou comme dentifrice (si, si, on peut), et \u00e9galement en tant que produit vaisselle, sous sa forme brute, en frottant une brosse en bois et des fibres naturelles dessus, ou en le faisant fondre pour obtenir une version liquide.<\/p>\n\n\n\n<p>Pour celles et ceux qui ont un jardin ou un acc\u00e8s \u00e0 la nature, cueillez votre lessive&nbsp;! <\/p>\n\n\n\n<p>\u2013 Sans oublier l\u2019ind\u00e9tr\u00f4nable <strong>vinaigre blanc<\/strong>, \u00e0 avoir chez soi (\u00e0 acheter en vrac si possible)<\/p>\n\n\n\n<p>Nos recettes :<\/p>\n\n\n<style>.wp-block-kadence-advancedgallery .kb-gallery-type-masonry.kb-gallery-id-_72fbd0-6e{margin:-5px;}.kb-gallery-type-masonry.kb-gallery-id-_72fbd0-6e .kadence-blocks-gallery-item{padding:5px;}.kb-gallery-id-_72fbd0-6e .kadence-blocks-gallery-item .kb-gal-image-radius, .kb-gallery-id-_72fbd0-6e .kb-slide-item .kb-gal-image-radius img{border-radius:0px 0px 0px 0px;;}.wp-block-kadence-advancedgallery.kb-gallery-wrap-id-_72fbd0-6e{overflow:visible;}.kb-gallery-id-_72fbd0-6e .kadence-blocks-gallery-item .kb-gal-image-radius, .kb-gallery-id-_72fbd0-6e .kadence-blocks-gallery-thumb-item .kb-gal-image-radius{box-shadow:4px 2px 14px 0px rgba(0, 0, 0, 0.2);}.kb-gallery-id-_72fbd0-6e .kadence-blocks-gallery-item:hover .kb-gal-image-radius, .kb-gallery-id-_72fbd0-6e .kadence-blocks-gallery-thumb-item:hover .kb-gal-image-radius{box-shadow:4px 2px 14px 0px rgba(0, 0, 0, 0.2);}<\/style><div class=\"kb-gallery-wrap-id-_72fbd0-6e alignnone wp-block-kadence-advancedgallery\"><ul class=\"kb-gallery-ul kb-gallery-non-static kb-gallery-type-masonry kb-masonry-init kb-gallery-id-_72fbd0-6e kb-gallery-caption-style-bottom-hover kb-gallery-filter-none\" data-image-filter=\"none\" data-item-selector=\".kadence-blocks-gallery-item\" data-lightbox-caption=\"true\" data-columns-xxl=\"3\" data-columns-xl=\"3\" data-columns-md=\"3\" data-columns-sm=\"2\" data-columns-xs=\"1\" data-columns-ss=\"1\"><li class=\"kadence-blocks-gallery-item\"><div class=\"kadence-blocks-gallery-item-inner\"><figure class=\"kb-gallery-figure kb-gallery-item-has-link kadence-blocks-gallery-item-hide-caption\"><a href=\"https:\/\/plasticattackfrance.org\/wp-content\/uploads\/2021\/04\/Recette-multi-1140x1440.jpg\" class=\"kb-gallery-item-link\" target=\"_blank\" rel=\"noopener noreferrer\" role=\"button\" aria-haspopup=\"dialog\"><div class=\"kb-gal-image-radius\" style=\"max-width:238px;\"><div class=\"kb-gallery-image-contain kadence-blocks-gallery-intrinsic\" style=\"padding-bottom:126%;\"><img decoding=\"async\" src=\"https:\/\/plasticattackfrance.org\/wp-content\/uploads\/2021\/04\/Recette-multi-238x300.jpg\" width=\"238\" height=\"300\" alt=\"\" data-full-image=\"https:\/\/plasticattackfrance.org\/wp-content\/uploads\/2021\/04\/Recette-multi.jpg\" data-light-image=\"https:\/\/plasticattackfrance.org\/wp-content\/uploads\/2021\/04\/Recette-multi.jpg\" data-id=\"1014\" class=\"wp-image-1014\" srcset=\"https:\/\/plasticattackfrance.org\/wp-content\/uploads\/2021\/04\/Recette-multi-238x300.jpg 238w, https:\/\/plasticattackfrance.org\/wp-content\/uploads\/2021\/04\/Recette-multi-811x1024.jpg 811w, https:\/\/plasticattackfrance.org\/wp-content\/uploads\/2021\/04\/Recette-multi-768x970.jpg 768w, https:\/\/plasticattackfrance.org\/wp-content\/uploads\/2021\/04\/Recette-multi-600x758.jpg 600w, https:\/\/plasticattackfrance.org\/wp-content\/uploads\/2021\/04\/Recette-multi-1216x1536.jpg 1216w, https:\/\/plasticattackfrance.org\/wp-content\/uploads\/2021\/04\/Recette-multi-1140x1440.jpg 1140w, https:\/\/plasticattackfrance.org\/wp-content\/uploads\/2021\/04\/Recette-multi.jpg 1520w\" sizes=\"(max-width: 238px) 100vw, 238px\" \/><\/div><\/div><\/a><\/figure><\/div><\/li><li class=\"kadence-blocks-gallery-item\"><div class=\"kadence-blocks-gallery-item-inner\"><figure class=\"kb-gallery-figure kb-gallery-item-has-link kadence-blocks-gallery-item-hide-caption\"><a href=\"https:\/\/plasticattackfrance.org\/wp-content\/uploads\/2021\/04\/Template-recette-lierre-1140x1440.jpg\" class=\"kb-gallery-item-link\" target=\"_blank\" rel=\"noopener noreferrer\" role=\"button\" aria-haspopup=\"dialog\"><div class=\"kb-gal-image-radius\" style=\"max-width:238px;\"><div class=\"kb-gallery-image-contain kadence-blocks-gallery-intrinsic\" style=\"padding-bottom:126%;\"><img decoding=\"async\" src=\"https:\/\/plasticattackfrance.org\/wp-content\/uploads\/2021\/04\/Template-recette-lierre-238x300.jpg\" width=\"238\" height=\"300\" alt=\"\" data-full-image=\"https:\/\/plasticattackfrance.org\/wp-content\/uploads\/2021\/04\/Template-recette-lierre.jpg\" data-light-image=\"https:\/\/plasticattackfrance.org\/wp-content\/uploads\/2021\/04\/Template-recette-lierre.jpg\" data-id=\"1016\" class=\"wp-image-1016\" srcset=\"https:\/\/plasticattackfrance.org\/wp-content\/uploads\/2021\/04\/Template-recette-lierre-238x300.jpg 238w, https:\/\/plasticattackfrance.org\/wp-content\/uploads\/2021\/04\/Template-recette-lierre-811x1024.jpg 811w, https:\/\/plasticattackfrance.org\/wp-content\/uploads\/2021\/04\/Template-recette-lierre-768x970.jpg 768w, https:\/\/plasticattackfrance.org\/wp-content\/uploads\/2021\/04\/Template-recette-lierre-600x758.jpg 600w, https:\/\/plasticattackfrance.org\/wp-content\/uploads\/2021\/04\/Template-recette-lierre-1216x1536.jpg 1216w, https:\/\/plasticattackfrance.org\/wp-content\/uploads\/2021\/04\/Template-recette-lierre-1140x1440.jpg 1140w, https:\/\/plasticattackfrance.org\/wp-content\/uploads\/2021\/04\/Template-recette-lierre.jpg 1520w\" sizes=\"(max-width: 238px) 100vw, 238px\" \/><\/div><\/div><\/a><\/figure><\/div><\/li><li class=\"kadence-blocks-gallery-item\"><div class=\"kadence-blocks-gallery-item-inner\"><figure class=\"kb-gallery-figure kb-gallery-item-has-link kadence-blocks-gallery-item-hide-caption\"><a href=\"https:\/\/plasticattackfrance.org\/wp-content\/uploads\/2021\/04\/Recette-de\u0301o-1140x1440.jpg\" class=\"kb-gallery-item-link\" target=\"_blank\" rel=\"noopener noreferrer\" role=\"button\" aria-haspopup=\"dialog\"><div class=\"kb-gal-image-radius\" style=\"max-width:238px;\"><div class=\"kb-gallery-image-contain kadence-blocks-gallery-intrinsic\" style=\"padding-bottom:126%;\"><img loading=\"lazy\" decoding=\"async\" src=\"https:\/\/plasticattackfrance.org\/wp-content\/uploads\/2021\/04\/Recette-de\u0301o-238x300.jpg\" width=\"238\" height=\"300\" alt=\"\" data-full-image=\"https:\/\/plasticattackfrance.org\/wp-content\/uploads\/2021\/04\/Recette-de\u0301o.jpg\" data-light-image=\"https:\/\/plasticattackfrance.org\/wp-content\/uploads\/2021\/04\/Recette-de\u0301o.jpg\" data-id=\"1017\" class=\"wp-image-1017\" srcset=\"https:\/\/plasticattackfrance.org\/wp-content\/uploads\/2021\/04\/Recette-de\u0301o-238x300.jpg 238w, https:\/\/plasticattackfrance.org\/wp-content\/uploads\/2021\/04\/Recette-de\u0301o-811x1024.jpg 811w, https:\/\/plasticattackfrance.org\/wp-content\/uploads\/2021\/04\/Recette-de\u0301o-768x970.jpg 768w, https:\/\/plasticattackfrance.org\/wp-content\/uploads\/2021\/04\/Recette-de\u0301o-600x758.jpg 600w, https:\/\/plasticattackfrance.org\/wp-content\/uploads\/2021\/04\/Recette-de\u0301o-1216x1536.jpg 1216w, https:\/\/plasticattackfrance.org\/wp-content\/uploads\/2021\/04\/Recette-de\u0301o-1140x1440.jpg 1140w, https:\/\/plasticattackfrance.org\/wp-content\/uploads\/2021\/04\/Recette-de\u0301o.jpg 1520w\" sizes=\"(max-width: 238px) 100vw, 238px\" \/><\/div><\/div><\/a><\/figure><\/div><\/li><\/ul><\/div>","protected":false},"excerpt":{"rendered":"<p>\u00ab&nbsp;Sois le changement que tu veux voir dans le monde \u00bb Gandhi Nous sommes la solution anti plastique. N&rsquo;attendons pas de nouvelles technologies ou politiques qui seront sources de d\u00e9ception. Agissons ! Voici quelques pistes pour agir \u00e0 son \u00e9chelle. Tendre vers un mode de vie \u00ab&nbsp;z\u00e9ro d\u00e9chet&nbsp;\u00bb avec la r\u00e8gle des 5 R&nbsp;: Cr\u00e9dit image&nbsp;: sakaide.fr REFUSER&nbsp;ce dont nous n\u2019avons pas besoin : refuser le jetable, les \u00e9chantillons gratuits, les cadeaux marketing ou inutiles. R\u00c9DUIRE&nbsp;ce dont nous avons besoin : se contenter du n\u00e9cessaire. R\u00c9UTILISER&nbsp;: acheter d\u2019occasion, louer, emprunter \u2026 RENDRE A LA TERRE&nbsp;: c\u2019est-\u00e0-dire composter. RECYCLER&nbsp;en dernier recours, sachant que contrairement au verre, le plastique n\u2019est pas recyclable \u00e0 l\u2019infini. Si r\u00e9duire nos d\u00e9chets est une premi\u00e8re solution \u00e9vidente, encore faut- il avoir quelques pistes. En voici quelques-unes&nbsp;: \u2013 Privil\u00e9gier les circuits courts en achetant local, en vrac, consign\u00e9, pour \u00e9viter les emballages. \u2013 Fabriquer ses produits d\u2019hygi\u00e8ne et m\u00e9nagers respectueux de l\u2019environnement et de la sant\u00e9 ; en plus, c&rsquo;est \u00e9conomique. \u2013 Choisir le verre pour stocker ses aliments. On trouve des contenants \u00e0 moindre prix. Mieux encore, penser \u00e0 la seconde main ou la recup\u2019. \u2013 Emporter son d\u00e9jeuner dans une bo\u00eete r\u00e9utilisable en verre ou en inox, et des \u00ab\u00a0Bee wraps\u00ab\u00a0, des tissus enduits de cire d\u2019abeille, pour la collation. \u2013 Pr\u00e9voir quelques indispensables pour les sorties : la gourde, un petit sac \u00e0 vrac, un sac r\u00e9utilisable pour les achats, un couteau suisse ou des couverts r\u00e9utilisables. En bonus, pour les addicts, une paille r\u00e9utilisable et\/ou une tasse de caf\u00e9 r\u00e9utilisable. Par ailleurs, nul besoin d\u2019investir dans une panoplie co\u00fbteuse pour passer au z\u00e9ro-d\u00e9chet, il est possible de passer par la case r\u00e9cup\u2019, avec un soup\u00e7on de bon sens. \u2013 Fabriquer des tawashi (\u00e9ponges tress\u00e9es) avec nos vieux collants ou nos chaussettes orphelines. \u2013 Dire adieu aux contenants en plastique et contenus douteux dans la salle de bains en misant sur les solides : savons, shampooings, dentifrices, d\u00e9odorants, tous tr\u00e8s faciles \u00e0 faire soi-m\u00eame. \u2013 En guise de cr\u00e8me, choisissez une huile v\u00e9g\u00e9tale adapt\u00e9e \u00e0 votre peau. \u2013 Envie d&rsquo;un gommage ? Rendez-vous \u00e0 la cuisine. Pour le visage : miel + sucre de canne ou miel + cannelle font des merveilles. Pour le corps : le marc de caf\u00e9, qui entretient en prime vos canalisations ! \u2013 Le savon de Marseille peut servir comme base de lessive (+ bicarbonate de sodium) ou comme dentifrice (si, si, on peut), et \u00e9galement en tant que produit vaisselle, sous sa forme brute, en frottant une brosse en bois et des fibres naturelles dessus, ou en le faisant fondre pour obtenir une version liquide. Pour celles et ceux qui ont un jardin ou un acc\u00e8s \u00e0 la nature, cueillez votre lessive&nbsp;! \u2013 Sans oublier l\u2019ind\u00e9tr\u00f4nable vinaigre blanc, \u00e0 avoir chez soi (\u00e0 acheter en vrac si possible) Nos recettes :<\/p>\n","protected":false},"author":1,"featured_media":0,"parent":0,"menu_order":3,"comment_status":"closed","ping_status":"closed","template":"","meta":{"_monsterinsights_skip_tracking":false,"_monsterinsights_sitenote_active":false,"_monsterinsights_sitenote_note":"","_monsterinsights_sitenote_category":0,"footnotes":""},"class_list":["post-988","page","type-page","status-publish","hentry"],"_links":{"self":[{"href":"https:\/\/plasticattackfrance.org\/index.php?rest_route=\/wp\/v2\/pages\/988","targetHints":{"allow":["GET"]}}],"collection":[{"href":"https:\/\/plasticattackfrance.org\/index.php?rest_route=\/wp\/v2\/pages"}],"about":[{"href":"https:\/\/plasticattackfrance.org\/index.php?rest_route=\/wp\/v2\/types\/page"}],"author":[{"embeddable":true,"href":"https:\/\/plasticattackfrance.org\/index.php?rest_route=\/wp\/v2\/users\/1"}],"replies":[{"embeddable":true,"href":"https:\/\/plasticattackfrance.org\/index.php?rest_route=%2Fwp%2Fv2%2Fcomments&post=988"}],"version-history":[{"count":19,"href":"https:\/\/plasticattackfrance.org\/index.php?rest_route=\/wp\/v2\/pages\/988\/revisions"}],"predecessor-version":[{"id":1115,"href":"https:\/\/plasticattackfrance.org\/index.php?rest_route=\/wp\/v2\/pages\/988\/revisions\/1115"}],"wp:attachment":[{"href":"https:\/\/plasticattackfrance.org\/index.php?rest_route=%2Fwp%2Fv2%2Fmedia&parent=988"}],"curies":[{"name":"wp","href":"https:\/\/api.w.org\/{rel}","templated":true}]}}