{"id":110,"date":"2021-04-18T19:29:38","date_gmt":"2021-04-18T19:29:38","guid":{"rendered":"https:\/\/plasticattackfrance.org\/?page_id=110"},"modified":"2024-01-23T17:18:09","modified_gmt":"2024-01-23T17:18:09","slug":"nous-soutenir","status":"publish","type":"page","link":"https:\/\/plasticattackfrance.org\/?page_id=110","title":{"rendered":"Devenir adh\u00e9rent"},"content":{"rendered":"\n<p>L\u2019adh\u00e9sion annuelle permet de renforcer notre l\u00e9gitimit\u00e9, ainsi que p\u00e9renniser nos actions en faveur de la r\u00e9duction des d\u00e9chets. De plus, en adh\u00e9rant, vous pourrez voter lors de l\u2019Assembl\u00e9e G\u00e9n\u00e9rale annuelle de l\u2019association.<\/p>\n\n\n\n<iframe id=\"haWidget\" allowtransparency=\"true\" scrolling=\"auto\" src=\"https:\/\/www.helloasso.com\/associations\/plastic-attack-france\/adhesions\/adherer-a-plastic-attack-france-2024\/widget\" style=\"width: 100%; height: 750px; border: none;\"><\/iframe>\n\n\n\n<p class=\"has-text-align-center\"><\/p>\n","protected":false},"excerpt":{"rendered":"<p>L\u2019adh\u00e9sion annuelle permet de renforcer notre l\u00e9gitimit\u00e9, ainsi que p\u00e9renniser nos actions en faveur de la r\u00e9duction des d\u00e9chets. De plus, en adh\u00e9rant, vous pourrez voter lors de l\u2019Assembl\u00e9e G\u00e9n\u00e9rale annuelle de l\u2019association.<\/p>\n","protected":false},"author":1,"featured_media":0,"parent":0,"menu_order":3,"comment_status":"closed","ping_status":"closed","template":"","meta":{"_monsterinsights_skip_tracking":false,"_monsterinsights_sitenote_active":false,"_monsterinsights_sitenote_note":"","_monsterinsights_sitenote_category":0,"footnotes":""},"class_list":["post-110","page","type-page","status-publish","hentry"],"_links":{"self":[{"href":"https:\/\/plasticattackfrance.org\/index.php?rest_route=\/wp\/v2\/pages\/110","targetHints":{"allow":["GET"]}}],"collection":[{"href":"https:\/\/plasticattackfrance.org\/index.php?rest_route=\/wp\/v2\/pages"}],"about":[{"href":"https:\/\/plasticattackfrance.org\/index.php?rest_route=\/wp\/v2\/types\/page"}],"author":[{"embeddable":true,"href":"https:\/\/plasticattackfrance.org\/index.php?rest_route=\/wp\/v2\/users\/1"}],"replies":[{"embeddable":true,"href":"https:\/\/plasticattackfrance.org\/index.php?rest_route=%2Fwp%2Fv2%2Fcomments&post=110"}],"version-history":[{"count":10,"href":"https:\/\/plasticattackfrance.org\/index.php?rest_route=\/wp\/v2\/pages\/110\/revisions"}],"predecessor-version":[{"id":1136,"href":"https:\/\/plasticattackfrance.org\/index.php?rest_route=\/wp\/v2\/pages\/110\/revisions\/1136"}],"wp:attachment":[{"href":"https:\/\/plasticattackfrance.org\/index.php?rest_route=%2Fwp%2Fv2%2Fmedia&parent=110"}],"curies":[{"name":"wp","href":"https:\/\/api.w.org\/{rel}","templated":true}]}}