{"id":108,"date":"2021-04-18T19:29:00","date_gmt":"2021-04-18T19:29:00","guid":{"rendered":"https:\/\/plasticattackfrance.org\/?page_id=108"},"modified":"2021-04-26T11:56:04","modified_gmt":"2021-04-26T11:56:04","slug":"creer-une-antenne-locale","status":"publish","type":"page","link":"https:\/\/plasticattackfrance.org\/?page_id=108","title":{"rendered":"Cr\u00e9er une antenne locale"},"content":{"rendered":"\n<p>Les groupes locaux Plastic Attack peuvent \u00eatre constitu\u00e9s sous forme de collectifs informels ou structur\u00e9s sous forme d\u2019associations.<\/p>\n\n\n\n<p>Les groupes locaux rassemblent des citoyens d\u00e9sireux de passer \u00e0 l\u2019action \u00e0 l\u2019\u00e9chelle de leur ville ou territoire.<\/p>\n\n\n\n<p>Ils ont pour mission de promouvoir le \u00ab&nbsp;z\u00e9ro plastique&nbsp;\u00bb ainsi que le \u00ab&nbsp;z\u00e9ro d\u00e9chet&nbsp;\u00bb sur leur territoire en mobilisant l\u2019ensemble des acteurs locaux, tels que les citoyens, collectivit\u00e9s, entreprises et associations.<\/p>\n\n\n\n<p>Pour ce faire, ils organisent diverses actions comme des \u00e9v\u00e9nements de sensibilisation, campagnes, interventions dans les \u00e9coles, etc.<\/p>\n\n\n\n<p>Les groupes locaux partagent les valeurs et missions port\u00e9es par Plastic Attack France, ils s\u2019y engagent en signant notre charte.<\/p>\n\n\n\n<p>Pour savoir si un groupe existe pr\u00e8s de chez vous, contactez-nous ici.<\/p>\n\n\n\n<p>Nous vous fournirons notre kit et charte d\u2019engagement, \u00e0 bient\u00f4t\u00a0!<\/p>\n\n\n\n<div class=\"wp-block-contact-form-7-contact-form-selector\">\n<div class=\"wpcf7 no-js\" id=\"wpcf7-f1076-o1\" lang=\"fr-FR\" dir=\"ltr\" data-wpcf7-id=\"1076\">\n<div class=\"screen-reader-response\"><p role=\"status\" aria-live=\"polite\" aria-atomic=\"true\"><\/p> <ul><\/ul><\/div>\n<form action=\"\/index.php?rest_route=%2Fwp%2Fv2%2Fpages%2F108#wpcf7-f1076-o1\" method=\"post\" class=\"wpcf7-form init\" aria-label=\"Formulaire de contact\" novalidate=\"novalidate\" data-status=\"init\">\n<fieldset class=\"hidden-fields-container\"><input type=\"hidden\" name=\"_wpcf7\" value=\"1076\" \/><input type=\"hidden\" name=\"_wpcf7_version\" value=\"6.1.5\" \/><input type=\"hidden\" name=\"_wpcf7_locale\" value=\"fr_FR\" \/><input type=\"hidden\" name=\"_wpcf7_unit_tag\" value=\"wpcf7-f1076-o1\" \/><input type=\"hidden\" name=\"_wpcf7_container_post\" value=\"0\" \/><input type=\"hidden\" name=\"_wpcf7_posted_data_hash\" value=\"\" \/>\n<\/fieldset>\n<p><label> Votre nom<br \/>\n<span class=\"wpcf7-form-control-wrap\" data-name=\"your-name\"><input size=\"40\" maxlength=\"400\" class=\"wpcf7-form-control wpcf7-text wpcf7-validates-as-required\" aria-required=\"true\" aria-invalid=\"false\" value=\"\" type=\"text\" name=\"your-name\" \/><\/span> <\/label>\n<\/p>\n<p><label> Votre e-mail<br \/>\n<span class=\"wpcf7-form-control-wrap\" data-name=\"your-email\"><input size=\"40\" maxlength=\"400\" class=\"wpcf7-form-control wpcf7-email wpcf7-validates-as-required wpcf7-text wpcf7-validates-as-email\" aria-required=\"true\" aria-invalid=\"false\" value=\"\" type=\"email\" name=\"your-email\" \/><\/span> <\/label>\n<\/p>\n<p><label> Votre message<br \/>\n<span class=\"wpcf7-form-control-wrap\" data-name=\"your-message\"><textarea cols=\"40\" rows=\"10\" maxlength=\"2000\" class=\"wpcf7-form-control wpcf7-textarea\" aria-invalid=\"false\" name=\"your-message\"><\/textarea><\/span> <\/label>\n<\/p>\n<p><input class=\"wpcf7-form-control wpcf7-submit has-spinner\" type=\"submit\" value=\"Envoyer\" \/>\n<\/p><p style=\"display: none !important;\" class=\"akismet-fields-container\" data-prefix=\"_wpcf7_ak_\"><label>&#916;<textarea name=\"_wpcf7_ak_hp_textarea\" cols=\"45\" rows=\"8\" maxlength=\"100\"><\/textarea><\/label><input type=\"hidden\" id=\"ak_js_1\" name=\"_wpcf7_ak_js\" value=\"66\"\/><script type=\"text\/javascript\">\n\/* <![CDATA[ *\/\ndocument.getElementById( \"ak_js_1\" ).setAttribute( \"value\", ( new Date() ).getTime() );\n\/* ]]> *\/\n<\/script>\n<\/p><div class=\"wpcf7-response-output\" aria-hidden=\"true\"><\/div>\n<\/form>\n<\/div>\n<\/div>\n\n\n\n<p><\/p>\n","protected":false},"excerpt":{"rendered":"<p>Les groupes locaux Plastic Attack peuvent \u00eatre constitu\u00e9s sous forme de collectifs informels ou structur\u00e9s sous forme d\u2019associations. Les groupes locaux rassemblent des citoyens d\u00e9sireux de passer \u00e0 l\u2019action \u00e0 l\u2019\u00e9chelle de leur ville ou territoire. Ils ont pour mission de promouvoir le \u00ab&nbsp;z\u00e9ro plastique&nbsp;\u00bb ainsi que le \u00ab&nbsp;z\u00e9ro d\u00e9chet&nbsp;\u00bb sur leur territoire en mobilisant l\u2019ensemble des acteurs locaux, tels que les citoyens, collectivit\u00e9s, entreprises et associations. Pour ce faire, ils organisent diverses actions comme des \u00e9v\u00e9nements de sensibilisation, campagnes, interventions dans les \u00e9coles, etc. Les groupes locaux partagent les valeurs et missions port\u00e9es par Plastic Attack France, ils s\u2019y engagent en signant notre charte. Pour savoir si un groupe existe pr\u00e8s de chez vous, contactez-nous ici. Nous vous fournirons notre kit et charte d\u2019engagement, \u00e0 bient\u00f4t\u00a0!<\/p>\n","protected":false},"author":1,"featured_media":0,"parent":0,"menu_order":3,"comment_status":"closed","ping_status":"closed","template":"","meta":{"_monsterinsights_skip_tracking":false,"_monsterinsights_sitenote_active":false,"_monsterinsights_sitenote_note":"","_monsterinsights_sitenote_category":0,"footnotes":""},"class_list":["post-108","page","type-page","status-publish","hentry"],"_links":{"self":[{"href":"https:\/\/plasticattackfrance.org\/index.php?rest_route=\/wp\/v2\/pages\/108","targetHints":{"allow":["GET"]}}],"collection":[{"href":"https:\/\/plasticattackfrance.org\/index.php?rest_route=\/wp\/v2\/pages"}],"about":[{"href":"https:\/\/plasticattackfrance.org\/index.php?rest_route=\/wp\/v2\/types\/page"}],"author":[{"embeddable":true,"href":"https:\/\/plasticattackfrance.org\/index.php?rest_route=\/wp\/v2\/users\/1"}],"replies":[{"embeddable":true,"href":"https:\/\/plasticattackfrance.org\/index.php?rest_route=%2Fwp%2Fv2%2Fcomments&post=108"}],"version-history":[{"count":4,"href":"https:\/\/plasticattackfrance.org\/index.php?rest_route=\/wp\/v2\/pages\/108\/revisions"}],"predecessor-version":[{"id":1078,"href":"https:\/\/plasticattackfrance.org\/index.php?rest_route=\/wp\/v2\/pages\/108\/revisions\/1078"}],"wp:attachment":[{"href":"https:\/\/plasticattackfrance.org\/index.php?rest_route=%2Fwp%2Fv2%2Fmedia&parent=108"}],"curies":[{"name":"wp","href":"https:\/\/api.w.org\/{rel}","templated":true}]}}